{"id":62,"date":"2020-07-05T20:23:02","date_gmt":"2020-07-05T20:23:02","guid":{"rendered":"https:\/\/www.votreappli3.fr\/bize\/?page_id=62"},"modified":"2021-02-14T10:57:22","modified_gmt":"2021-02-14T09:57:22","slug":"mot-du-maire","status":"publish","type":"page","link":"https:\/\/www.votreappli3.fr\/bize\/","title":{"rendered":"Mot du Maire"},"content":{"rendered":"<p>Chers Bizoises et Bizois,<\/p>\n<p>Je vous souhaite la bienvenue sur notre application mobile.<\/p>\n<p>&nbsp;<\/p>\n<p>Nous avons fait le choix de nous doter d\u2019un\u00a0<strong>outil de communication moderne pour am\u00e9liorer l\u2019information entre les citoyens et la municipalit\u00e9<\/strong>, ainsi que pour renforcer notre r\u00e9activit\u00e9.<\/p>\n<p>A l\u2019aide de cette application mobile, vous pourrez :<\/p>\n<ul>\n<li>suivre\u00a0<strong>l\u2019actualit\u00e9 municipale <\/strong>mais \u00e9galement\u00a0<strong>l\u2019actualit\u00e9 associative <\/strong>du village.<\/li>\n<li>consulter\u00a0<strong>l\u2019agenda des \u00e9v\u00e8nements\u00a0<\/strong>\u00e0 venir sur\u00a0Bize-Minervois<\/li>\n<li>devenir<strong> un \u00e9co-citoyen de Bize-Minervois ! <\/strong>Un nid de poule ? L\u2019\u00e9clairage public d\u00e9faillant ? \u2026<\/li>\n<li>Utiliser la <strong>signalisation d\u2019incidents<\/strong> et informer la Mairie en un instant. <strong style=\"background-color: var(--global--color-background); color: var(--global--color-primary); font-family: var(--global--font-secondary); font-size: var(--global--font-size-base);\">Ceci n\u2019est pas un service de secours ; en cas d\u2019urgence hors horaires ouvrables appelez les pompiers au 18, ou la gendarmerie de Ginestas au 17.<\/strong><\/li>\n<\/ul>\n<ul>\n<li>consulter les\u00a0<strong>menus du restaurant scolaire <\/strong>de vos enfants<\/li>\n<li>consulter le\u00a0<strong>bulletin municipal\u00a0<\/strong>d\u2019informations<\/li>\n<li>consulter\u00a0<strong>l\u2019annuaire <\/strong>de la Commune<\/li>\n<\/ul>\n<p>Enfin, gr\u00e2ce aux\u00a0<strong>notifications instantan\u00e9es, restez connect\u00e9s et soyez inform\u00e9s en temps r\u00e9el des derni\u00e8res actualit\u00e9s et des alertes m\u00e9t\u00e9o.<\/strong><\/p>\n<p>Nous ferons \u00e9voluer dans le temps cette application afin de vous apporter toujours plus de services. N\u2019h\u00e9sitez pas \u00e0 nous faire part de vos remarques ou de vos suggestions.<\/p>\n<p>Je vous souhaite, \u00e0 toutes et \u00e0 tous, une excellente navigation sur notre application mobile.<\/p>\n<p>&nbsp;<\/p>\n<p>&nbsp;<\/p>\n<p>&nbsp;<\/p>\n<p>&nbsp;<\/p>\n<p>&nbsp;<\/p>\n","protected":false},"excerpt":{"rendered":"<p>Chers Bizoises et Bizois, Je vous souhaite la bienvenue sur notre application mobile. &nbsp; Nous avons fait le choix de nous doter d\u2019un\u00a0outil de communication moderne pour am\u00e9liorer l\u2019information entre&hellip; <a class=\"more-link\" href=\"https:\/\/www.votreappli3.fr\/bize\/\">Poursuivre la lecture <span class=\"screen-reader-text\">Mot du Maire<\/span><\/a><\/p>\n","protected":false},"author":4,"featured_media":0,"parent":0,"menu_order":0,"comment_status":"closed","ping_status":"closed","template":"","meta":{"footnotes":""},"class_list":["post-62","page","type-page","status-publish","hentry","entry"],"_links":{"self":[{"href":"https:\/\/www.votreappli3.fr\/bize\/wp-json\/wp\/v2\/pages\/62","targetHints":{"allow":["GET"]}}],"collection":[{"href":"https:\/\/www.votreappli3.fr\/bize\/wp-json\/wp\/v2\/pages"}],"about":[{"href":"https:\/\/www.votreappli3.fr\/bize\/wp-json\/wp\/v2\/types\/page"}],"author":[{"embeddable":true,"href":"https:\/\/www.votreappli3.fr\/bize\/wp-json\/wp\/v2\/users\/4"}],"replies":[{"embeddable":true,"href":"https:\/\/www.votreappli3.fr\/bize\/wp-json\/wp\/v2\/comments?post=62"}],"version-history":[{"count":18,"href":"https:\/\/www.votreappli3.fr\/bize\/wp-json\/wp\/v2\/pages\/62\/revisions"}],"predecessor-version":[{"id":677,"href":"https:\/\/www.votreappli3.fr\/bize\/wp-json\/wp\/v2\/pages\/62\/revisions\/677"}],"wp:attachment":[{"href":"https:\/\/www.votreappli3.fr\/bize\/wp-json\/wp\/v2\/media?parent=62"}],"curies":[{"name":"wp","href":"https:\/\/api.w.org\/{rel}","templated":true}]}}